{"id":91,"date":"2014-05-14T18:39:39","date_gmt":"2014-05-14T16:39:39","guid":{"rendered":"http:\/\/www.opheus.de\/?page_id=91"},"modified":"2019-09-19T12:03:58","modified_gmt":"2019-09-19T10:03:58","slug":"changelog","status":"publish","type":"page","link":"https:\/\/www.opheus.de\/?page_id=91","title":{"rendered":"Changelog"},"content":{"rendered":"<div id=\"pl-91\"  class=\"panel-layout\" ><div id=\"pg-91-0\"  class=\"panel-grid panel-no-style\" ><div id=\"pgc-91-0-0\"  class=\"panel-grid-cell\" ><div id=\"panel-91-0-0-0\" class=\"so-panel widget widget_text panel-first-child panel-last-child\" data-index=\"0\" ><h3 class=\"widget-title\">Version 6.4.4<\/h3>\t\t\t<div class=\"textwidget\"><a name=\"644\"><\/a>\n<ul style=\"list-style-image: url('.\/wp-content\/uploads\/2014\/05\/disc.gif');\">\n<li>Die Angabe der Matrixgr\u00f6\u00dfe wurde von Byte auf Bit ge\u00e4ndert.<\/li>\n<li>Beim Verschl\u00fcsseln von Text mit dem MMX-Modus konnte es zu einem Laufzeitfehler kommen. Dieser Fehler wurde behoben.<\/li>\n<\/ul><\/div>\n\t\t<\/div><\/div><\/div><div id=\"pg-91-1\"  class=\"panel-grid panel-has-style\" ><div class=\"wide-grey panel-row-style panel-row-style-for-91-1\" ><div id=\"pgc-91-1-0\"  class=\"panel-grid-cell\" ><div id=\"panel-91-1-0-0\" class=\"so-panel widget widget_text panel-first-child panel-last-child\" data-index=\"1\" ><h3 class=\"widget-title\">Version 6.4.3<\/h3>\t\t\t<div class=\"textwidget\"><p><a name=\"643\"><\/a><\/p>\n<ul style=\"list-style-image: url('.\/wp-content\/uploads\/2014\/05\/disc.gif');\">\n<li>Beim sicheren L\u00f6schen von Dateien konnte es zu einem \"Division by Zero\" Fehler kommen. Dieser Fehler wurde behoben.<\/li>\n<li>Die Datei opheus.dll hatte einen Versionsfehler. Dieser wurde behoben.<\/li>\n<li>Ab sofort ist es m\u00f6glich, Dateien per drag and drop in das Programm zu laden.<br \/>Hat die Maske zum \"Datei Verschl\u00fcsseln\" den Fokus, wird die angegebene Datei als Quelldatei gesetzt.<br \/>Hat die Maske zum \"Dateien L\u00f6schen\" den Fokus, werden alle Dateien und Verzeichnisse (mit Unterverzeichnissen) in die Liste geladen.<br \/>Hat die Maske in den Einstellungen mit der Matrix den Fokus, wird die angegebene Datei als Matrix geladen.<\/li>\n<\/ul>\n<\/div>\n\t\t<\/div><\/div><\/div><\/div><div id=\"pg-91-2\"  class=\"panel-grid panel-no-style\" ><div id=\"pgc-91-2-0\"  class=\"panel-grid-cell\" ><div id=\"panel-91-2-0-0\" class=\"so-panel widget widget_text panel-first-child panel-last-child\" data-index=\"2\" ><h3 class=\"widget-title\">Version 6.4.2<\/h3>\t\t\t<div class=\"textwidget\"><p><a name=\"642\"><\/a><\/p>\n<ul style=\"list-style-image: url('.\/wp-content\/uploads\/2014\/05\/disc.gif');\">\n<li>Das Programm wurde mit aktuellen Compilern neu erstellt, da Virenscanner h\u00e4ufig positive Falschmeldungen anzeigen.<\/li>\n<\/ul>\n<\/div>\n\t\t<\/div><\/div><\/div><div id=\"pg-91-3\"  class=\"panel-grid panel-has-style\" ><div class=\"wide-grey panel-row-style panel-row-style-for-91-3\" ><div id=\"pgc-91-3-0\"  class=\"panel-grid-cell\" ><div id=\"panel-91-3-0-0\" class=\"so-panel widget widget_text panel-first-child panel-last-child\" data-index=\"3\" ><h3 class=\"widget-title\">Version 6.4.1<\/h3>\t\t\t<div class=\"textwidget\"><p><a name=\"641\"><\/a><\/p>\n<ul style=\"list-style-image: url('.\/wp-content\/uploads\/2014\/05\/disc.gif');\">\n<li>Dem Programm wurde eine Funktion zur automatischen Update-\u00dcberpr\u00fcfung hinzugef\u00fcgt.<\/li>\n<\/ul>\n<\/div>\n\t\t<\/div><\/div><\/div><\/div><div id=\"pg-91-4\"  class=\"panel-grid panel-no-style\" ><div id=\"pgc-91-4-0\"  class=\"panel-grid-cell\" ><div id=\"panel-91-4-0-0\" class=\"so-panel widget widget_text panel-first-child panel-last-child\" data-index=\"4\" ><h3 class=\"widget-title\">Version 6.4.0<\/h3>\t\t\t<div class=\"textwidget\"><p><a name=\"640\"><\/a><\/p>\n<ul style=\"list-style-image: url('.\/wp-content\/uploads\/2014\/05\/disc.gif');\">\n<li>Dem Programm wurde ein Passwortgenerator hinzugef\u00fcgt.<\/li>\n<\/ul>\n<\/div>\n\t\t<\/div><\/div><\/div><div id=\"pg-91-5\"  class=\"panel-grid panel-has-style\" ><div class=\"wide-grey panel-row-style panel-row-style-for-91-5\" ><div id=\"pgc-91-5-0\"  class=\"panel-grid-cell\" ><div id=\"panel-91-5-0-0\" class=\"so-panel widget widget_text panel-first-child panel-last-child\" data-index=\"5\" ><h3 class=\"widget-title\">Version 6.3.0<\/h3>\t\t\t<div class=\"textwidget\"><p><a name=\"630\"><\/a><\/p>\n<ul style=\"list-style-image: url('.\/wp-content\/uploads\/2014\/05\/disc.gif');\">\n<li>Ab dieser Version werden Dateinamen in der Unicode-Kodierung unterst\u00fctzt.<\/li>\n<li>Die Funktionalit\u00e4t zum sicheren L\u00f6schen von Dateien wurde verbessert.<\/li>\n<li>Ab dieser Version wird mindestens Windows\u00ae Server 2008 R2 ben\u00f6tigt.<\/li>\n<\/ul>\n<\/div>\n\t\t<\/div><\/div><\/div><\/div><div id=\"pg-91-6\"  class=\"panel-grid panel-no-style\" ><div id=\"pgc-91-6-0\"  class=\"panel-grid-cell\" ><div id=\"panel-91-6-0-0\" class=\"so-panel widget widget_text panel-first-child panel-last-child\" data-index=\"6\" ><h3 class=\"widget-title\">Version 6.2.1<\/h3>\t\t\t<div class=\"textwidget\"><p><a name=\"621\"><\/a><\/p>\n<ul style=\"list-style-image: url('.\/wp-content\/uploads\/2014\/05\/disc.gif');\">\n<li>Beim Dekodieren von Textnachrichten im MMX-Modus wurde der dekodierte Text nicht richtig angezeigt. Am Ende des Textes wurden mehr Zeichen ausgegeben, als der Text urspr\u00fcnglich enthielt. Dieser Fehler wurde behoben.<\/li>\n<\/ul>\n<\/div>\n\t\t<\/div><\/div><\/div><div id=\"pg-91-7\"  class=\"panel-grid panel-has-style\" ><div class=\"wide-grey panel-row-style panel-row-style-for-91-7\" ><div id=\"pgc-91-7-0\"  class=\"panel-grid-cell\" ><div id=\"panel-91-7-0-0\" class=\"so-panel widget widget_text panel-first-child panel-last-child\" data-index=\"7\" ><h3 class=\"widget-title\">Version 6.2.0<\/h3>\t\t\t<div class=\"textwidget\"><p><a name=\"620\"><\/a><\/p>\n<ul style=\"list-style-image: url('.\/wp-content\/uploads\/2014\/05\/disc.gif');\">\n<li>Die Performance beim Ver- und Entschl\u00fcsseln von Textnachrichten wurde erheblich verbessert.<\/li>\n<li>Textnachrichten sind jetzt auf eine maximale L\u00e4nge von 2.000.000 Byte begrenzt. Der Text wird in UTF8 kodiert. Bei manchen Zeichen oder Zeichens\u00e4tzen werden zwei oder mehr Byte pro Zeichen verwendet.<\/li>\n<li>Die Lite-Version wird ab dieser Version nicht mehr unterst\u00fctzt und weiterentwickelt. Alle Funktionen der Lite-Version lassen sich auch mit der normalen Version nutzen. Landesspezifische Einschr\u00e4nkungen bei der Verschl\u00fcsselungsst\u00e4rke m\u00fcssen vom Anwender beachtet werden.<\/li>\n<\/ul>\n<\/div>\n\t\t<\/div><\/div><\/div><\/div><div id=\"pg-91-8\"  class=\"panel-grid panel-no-style\" ><div id=\"pgc-91-8-0\"  class=\"panel-grid-cell\" ><div id=\"panel-91-8-0-0\" class=\"so-panel widget widget_text panel-first-child panel-last-child\" data-index=\"8\" ><h3 class=\"widget-title\">Version 6.1.2<\/h3>\t\t\t<div class=\"textwidget\"><p><a name=\"612\"><\/a><\/p>\n<ul style=\"list-style-image: url('.\/wp-content\/uploads\/2014\/05\/disc.gif');\">\n<li>Kleine Fehler bei der Zuordnung der ID's aus den Sprachdateien behoben.<\/li>\n<li>Die Sprache \"Englisch\" steht jetzt zur Verf\u00fcgung.<\/li>\n<\/ul>\n<\/div>\n\t\t<\/div><\/div><\/div><div id=\"pg-91-9\"  class=\"panel-grid panel-has-style\" ><div class=\"wide-grey panel-row-style panel-row-style-for-91-9\" ><div id=\"pgc-91-9-0\"  class=\"panel-grid-cell\" ><div id=\"panel-91-9-0-0\" class=\"so-panel widget widget_text panel-first-child panel-last-child\" data-index=\"9\" ><h3 class=\"widget-title\">Version 6.1.1<\/h3>\t\t\t<div class=\"textwidget\"><p><a name=\"611\"><\/a><\/p>\n<ul style=\"list-style-image: url('.\/wp-content\/uploads\/2014\/05\/disc.gif');\">\n<li>Durch Codeoptimierung wurde die Performance noch etwas gesteigert.<\/li>\n<li>Kleiner Bug beim Dateien sicher l\u00f6schen wurde behoben.<\/li>\n<\/ul>\n<\/div>\n\t\t<\/div><\/div><\/div><\/div><div id=\"pg-91-10\"  class=\"panel-grid panel-no-style\" ><div id=\"pgc-91-10-0\"  class=\"panel-grid-cell\" ><div id=\"panel-91-10-0-0\" class=\"so-panel widget widget_text panel-first-child panel-last-child\" data-index=\"10\" ><h3 class=\"widget-title\">Version 6.1.0<\/h3>\t\t\t<div class=\"textwidget\"><p><a name=\"610\"><\/a><\/p>\n<ul style=\"list-style-image: url('.\/wp-content\/uploads\/2014\/05\/disc.gif');\">\n<li>Ab dieser Version wird OPHEUS erstmals auch als 64-Bit Version zur Verf\u00fcgung stehen.<\/li>\n<li>Programmintern kann jetzt zwischen den Crypt-Engines gewechselt werden.<\/li>\n<li>Die Sprache kann jetzt programmintern gew\u00e4hlt werden. Vorerst wird offiziell nur deutsch zur Verf\u00fcgung stehen.<\/li>\n<li>Mit Resource-Editoren k\u00f6nnen aber weitere Sprachen erstellt werden.<\/li>\n<\/ul>\n<\/div>\n\t\t<\/div><\/div><\/div><div id=\"pg-91-11\"  class=\"panel-grid panel-has-style\" ><div class=\"wide-grey panel-row-style panel-row-style-for-91-11\" ><div id=\"pgc-91-11-0\"  class=\"panel-grid-cell\" ><div id=\"panel-91-11-0-0\" class=\"so-panel widget widget_text panel-first-child panel-last-child\" data-index=\"11\" ><h3 class=\"widget-title\">Version 6.0.2<\/h3>\t\t\t<div class=\"textwidget\"><p><a name=\"602\"><\/a><\/p>\n<ul style=\"list-style-image: url('.\/wp-content\/uploads\/2014\/05\/disc.gif');\">\n<li>Durch Codeoptimierung wurde die Performance weiter gesteigert.<\/li>\n<\/ul>\n<\/div>\n\t\t<\/div><\/div><\/div><\/div><div id=\"pg-91-12\"  class=\"panel-grid panel-no-style\" ><div id=\"pgc-91-12-0\"  class=\"panel-grid-cell\" ><div id=\"panel-91-12-0-0\" class=\"so-panel widget widget_text panel-first-child panel-last-child\" data-index=\"12\" ><h3 class=\"widget-title\">Version 6.0.0 Beta<\/h3>\t\t\t<div class=\"textwidget\"><p><a name=\"600\"><\/a><\/p>\n<ul style=\"list-style-image: url('.\/wp-content\/uploads\/2014\/05\/disc.gif');\">\n<li>Diese Version ben\u00f6tigt mindestens Windows\u00ae XP.<\/li>\n<li>Die Version 6.0 wurde von Grund auf neu programmiert.<\/li>\n<li>Mit dieser Version ist das Verschl\u00fcsseln von Dateien und Textnachrichten m\u00f6glich.<\/li>\n<li>Die Funktion zum sicheren L\u00f6schen von Dateien wurde erweitert. Es lassen sich nun mehrere Dateien ausw\u00e4hlen, die gel\u00f6scht werden k\u00f6nnen.<\/li>\n<li>Momentan ist die Beta nur in Deutsch erh\u00e4ltlich.<\/li>\n<\/ul>\n<\/div>\n\t\t<\/div><\/div><\/div><\/div>","protected":false},"excerpt":{"rendered":"<p>Die Angabe der Matrixgr\u00f6\u00dfe wurde von Byte auf Bit ge\u00e4ndert. Beim Verschl\u00fcsseln von Text mit dem MMX-Modus konnte es zu einem Laufzeitfehler kommen. Dieser Fehler wurde behoben. Beim sicheren L\u00f6schen von Dateien konnte es zu einem &#8222;Division by Zero&#8220; Fehler kommen. Dieser Fehler wurde behoben. Die Datei opheus.dll hatte einen Versionsfehler. Dieser wurde behoben. Ab [&hellip;]<\/p>\n","protected":false},"author":1,"featured_media":0,"parent":2,"menu_order":0,"comment_status":"closed","ping_status":"closed","template":"templates\/template-full-notitle.php","meta":{"footnotes":""},"_links":{"self":[{"href":"https:\/\/www.opheus.de\/index.php?rest_route=\/wp\/v2\/pages\/91"}],"collection":[{"href":"https:\/\/www.opheus.de\/index.php?rest_route=\/wp\/v2\/pages"}],"about":[{"href":"https:\/\/www.opheus.de\/index.php?rest_route=\/wp\/v2\/types\/page"}],"author":[{"embeddable":true,"href":"https:\/\/www.opheus.de\/index.php?rest_route=\/wp\/v2\/users\/1"}],"replies":[{"embeddable":true,"href":"https:\/\/www.opheus.de\/index.php?rest_route=%2Fwp%2Fv2%2Fcomments&post=91"}],"version-history":[{"count":34,"href":"https:\/\/www.opheus.de\/index.php?rest_route=\/wp\/v2\/pages\/91\/revisions"}],"predecessor-version":[{"id":274,"href":"https:\/\/www.opheus.de\/index.php?rest_route=\/wp\/v2\/pages\/91\/revisions\/274"}],"up":[{"embeddable":true,"href":"https:\/\/www.opheus.de\/index.php?rest_route=\/wp\/v2\/pages\/2"}],"wp:attachment":[{"href":"https:\/\/www.opheus.de\/index.php?rest_route=%2Fwp%2Fv2%2Fmedia&parent=91"}],"curies":[{"name":"wp","href":"https:\/\/api.w.org\/{rel}","templated":true}]}}