{"id":43,"date":"2014-05-11T12:01:28","date_gmt":"2014-05-11T10:01:28","guid":{"rendered":"http:\/\/markus-laptop\/opheus6\/?page_id=43"},"modified":"2021-12-04T12:29:49","modified_gmt":"2021-12-04T11:29:49","slug":"kontakt","status":"publish","type":"page","link":"https:\/\/www.opheus.de\/?page_id=43","title":{"rendered":"Kontakt"},"content":{"rendered":"<p>Bitte verwenden Sie dieses Formular ausschlie\u00dflich zur Kontaktaufnahme.<br \/>F\u00fcr pers\u00f6nlichen Support verwenden Sie bitte das <a title=\"Support\" href=\".\/?page_id=75\">Supportformular<\/a>.<br \/>Programmfehler melden Sie bitte in der Rubrik <a title=\"Bug Report\" href=\".\/?page_id=51\">Bug Report<\/a>.<\/p>\n<div style=\"text-align: left; font-size: 75%;\">Die mit Sternchen gekennzeichneten Felder sind Pflichtfelder!<\/div>\n<div style=\"display:none\" class=\"fm-form-container fm-theme99\"><div id=\"fm-pages15\" class=\"fm-pages wdform_page_navigation \" show_title=\"false\" show_numbers=\"true\" type=\"none\"><\/div><form name=\"form15\" action=\"\/index.php?rest_route=%2Fwp%2Fv2%2Fpages%2F43\" method=\"post\" id=\"form15\" class=\"fm-form form15  \" enctype=\"multipart\/form-data\"><input type=\"hidden\" id=\"fm_page_id15\" value=\"43\" name=\"fm_page_id15\" \/><input type=\"hidden\" id=\"fm_current_post_type15\" value=\"page\" name=\"fm_current_post_type15\" \/><input type=\"hidden\" id=\"counter15\" value=\"9\" name=\"counter15\" \/><input type=\"hidden\" id=\"Itemid15\" value=\"\" name=\"Itemid15\" \/><input type=\"hidden\" id=\"fm_shake15\" value=\"1\" name=\"fm_shake15\" \/><input type=\"text\" class=\"fm-hide\" id=\"fm_empty_field_validation15\" value=\"\" name=\"fm_empty_field_validation15\" data-value=\"bd736efb144d599cf463541431fbf5c4\" \/><div class=\"wdform-page-and-images fm-form-builder\" style=\"border-top-color: black; border-top-width: 0px; border-top-style: solid; display: table;\"><div class=\"wdform_page\" id=\"15form_view1\" page_title=\"Untitled page\" next_title=\"Next\" next_type=\"text\" next_class=\"wdform-page-button\" next_checkable=\"false\" previous_title=\"Previous\" previous_type=\"text\" previous_class=\"wdform-page-button\" previous_checkable=\"false\"><div class=\"wdform_section fm-col-1\"><div class=\"wdform_column\"><div class=\"wdform_row\" wdid=\"1\"><div type=\"type_text\" class=\"wdform-field wd-width-100 wd-flex wd-flex-column fm-type_text\" ><div class=\"wdform-label-section wd-width-100  wd-flex-row wd-align-items-center\" style=\"max-width: 200px;\">    <label  for=\"wdform_1_element15\" class=\"wdform-label\">Nachname:<\/label><span class=\"wdform-required\">*<\/span><\/div><div class=\"wdform-element-section wd-flex  wd-flex-row wd-align-items-center wd-width-100\" style=\"max-width: 400px;\"><input type=\"text\"                           class=\"wd-width-100\"                           id=\"wdform_1_element15\"                           name=\"wdform_1_element15\"                           value=\"\"                           data-value=\"\"                           title=\"\"                           placeholder=\"\"                                                       \/><\/div><\/div><\/div><\/div><div class=\"wdform_column\"><div class=\"wdform_row\" wdid=\"2\"><div type=\"type_text\" class=\"wdform-field wd-width-100 wd-flex wd-flex-column fm-type_text\" ><div class=\"wdform-label-section wd-width-100  wd-flex-row wd-align-items-center\" style=\"max-width: 200px;\">    <label  for=\"wdform_2_element15\" class=\"wdform-label\">Vorname:<\/label><span class=\"wdform-required\">*<\/span><\/div><div class=\"wdform-element-section wd-flex  wd-flex-row wd-align-items-center wd-width-100\" style=\"max-width: 400px;\"><input type=\"text\"                           class=\"wd-width-100\"                           id=\"wdform_2_element15\"                           name=\"wdform_2_element15\"                           value=\"\"                           data-value=\"\"                           title=\"\"                           placeholder=\"\"                                                       \/><\/div><\/div><\/div><\/div><div class=\"wdform_column\"><div class=\"wdform_row\" wdid=\"3\"><div type=\"type_submitter_mail\" class=\"wdform-field wd-width-100 wd-flex wd-flex-column fm-type_submitter_mail\" ><div class=\"wdform-label-section wd-width-100  wd-flex-row\" style=\"max-width: 200px;\">    <label  for=\"wdform_3_element15\" class=\"wdform-label\">E-Mail-Adresse:<\/label><span class=\"wdform-required\">*<\/span><\/div><div class=\"wdform-element-section wd-flex  wd-flex-row wd-width-100\" style=\"max-width: 400px;\"><input type=\"text\" class=\"wd-width-100\" id=\"wdform_3_element15\" name=\"wdform_3_element15\" data-value=\"\" value=\"\" title=\"\" placeholder=\"\"   onchange=\"wd_check_email('3', '15', 'Dies ist keine g\u00fcltige E-Mail-Adresse.')\" \/><\/div><\/div><\/div><\/div><div class=\"wdform_column\"><div class=\"wdform_row\" wdid=\"4\"><div type=\"type_text\" class=\"wdform-field wd-width-100 wd-flex wd-flex-column fm-type_text\" ><div class=\"wdform-label-section wd-width-100  wd-flex-row wd-align-items-center\" style=\"max-width: 200px;\">    <label  for=\"wdform_4_element15\" class=\"wdform-label\">Betreff:<\/label><span class=\"wdform-required\">*<\/span><\/div><div class=\"wdform-element-section wd-flex  wd-flex-row wd-align-items-center wd-width-100\" style=\"max-width: 400px;\"><input type=\"text\"                           class=\"wd-width-100\"                           id=\"wdform_4_element15\"                           name=\"wdform_4_element15\"                           value=\"\"                           data-value=\"\"                           title=\"\"                           placeholder=\"\"                                                       \/><\/div><\/div><\/div><\/div><div class=\"wdform_column\"><div class=\"wdform_row\" wdid=\"5\"><div type=\"type_textarea\" class=\"wdform-field wd-width-100 wd-flex wd-flex-column fm-type_textarea\" ><div class=\"wdform-label-section wd-width-100 \">    <label  for=\"wdform_5_element15\" class=\"wdform-label\">Nachricht:<\/label><span class=\"wdform-required\">*<\/span><\/div><div class=\"wdform-element-section wd-flex  wd-width-100\" ><textarea class=\"wd-width-100\"                      id=\"wdform_5_element15\"                      name=\"wdform_5_element15\"                      placeholder=\"Keine Angabe\"                      data-value=\"Keine Angabe\"                      maxlength=\"\"                      style=\"height: 300px;\"                      >Keine Angabe<\/textarea><\/div><\/div><\/div><\/div><div class=\"wdform_column\"><div wdid=\"8\" class=\"wdform_row\"><div type=\"type_checkbox\" class=\"wdform-field wd-width-100 wd-flex wd-flex-column fm-type_checkbox\" ><div class=\"wdform-label-section wd-width-100  wd-flex-wrap wd-flex-column\">    <label  class=\"wdform-label\">Datenschutzerkl\u00e4rung:<\/label><span class=\"wdform-required\">*<\/span><\/div><div class=\"wdform-element-section wd-flex  wd-flex-wrap wd-flex-column wd-width-100\" ><div class=\"wd-flex wd-flex-column\"><input type=\"hidden\" name=\"wdform_8_element15\" value=\"\" \/><div class=\"checkbox-div wd-choice wd-flex wd-flex-row\"><input type=\"checkbox\"  id=\"wdform_8_element150\" name=\"wdform_8_element150\" value=\"ART6DSGVO_TRUE\"    \/><label class=\"wd-align-items-center wd-flex wd-flex-row\" for=\"wdform_8_element150\"><span><\/span>Ich habe die Datenschutzerkl\u00e4rung gelesen und zur Kenntnis genommen. Mit dem Absenden erkl\u00e4re ich mich ausdr\u00fccklich mit der elektronischen \u00dcbermittling, der Speicherung und der Verarbeitung meiner Daten einverstanden.<\/label><\/div><\/div><\/div><\/div><\/div><\/div><div class=\"wdform_column\"><div class=\"wdform_row\" wdid=\"6\"><div type=\"type_submit_reset\" class=\"wdform-field wd-width-100 wd-flex wd-flex-column fm-type_submit_reset\" ><div class=\"wdform-element-section wd-flex  wd-flex-row wd-justify-content-left wd-width-100\" ><button  type=\"button\" class=\"button-submit\" onclick=\"fm_submit_form('15');\"  data-ajax=\"0\"><span class=\"fm-submit-loading spinner fm-ico-spinner\"><\/span>Anfrage senden<\/button><button  type=\"button\" class=\"button-reset \" onclick=\"fm_reset_form(15);\" >Reset<\/button><\/div><\/div><\/div><\/div><div class=\"wdform_column\"><div class=\"wdform_row\" wdid=\"7\"><div type=\"type_hidden\" class=\"wdform-field wd-width-100 wd-flex wd-flex-column fm-type_hidden\" ><div class=\"wdform-element-section wd-flex wd-width-100\" ><input type=\"hidden\" data-value=\"NEIN\" value=\"NEIN\" id=\"wdform_7_element15\" name=\"Bearbeitet\"  \/><\/div><\/div><\/div><\/div><\/div><div class=\"wdform_footer\" style=\"width: 100%;\" valign=\"top\"><div style=\"width: 100%;\"><div style=\"width: 100%; padding-top: 10px; display: table;\"><div style=\"display: table-row-group;\"><div id=\"15page_nav1\" style=\"display: table-row;\"><\/div><\/div><\/div><\/div><\/div><\/div><\/div><div class=\"wdform_preload\"><\/div><input type=\"hidden\" name=\"fm-current-page\" value=\"https:\/\/www.opheus.de\/index.php?rest_route=%2Fwp%2Fv2%2Fpages%2F43\" \/><\/form><\/div>\n\n\n<p><\/p>\n","protected":false},"excerpt":{"rendered":"<p>Bitte verwenden Sie dieses Formular ausschlie\u00dflich zur Kontaktaufnahme.F\u00fcr pers\u00f6nlichen Support verwenden Sie bitte das Supportformular.Programmfehler melden Sie bitte in der Rubrik Bug Report. Die mit Sternchen gekennzeichneten Felder sind Pflichtfelder!<\/p>\n","protected":false},"author":1,"featured_media":0,"parent":0,"menu_order":0,"comment_status":"closed","ping_status":"closed","template":"templates\/template-full.php","meta":{"footnotes":""},"_links":{"self":[{"href":"https:\/\/www.opheus.de\/index.php?rest_route=\/wp\/v2\/pages\/43"}],"collection":[{"href":"https:\/\/www.opheus.de\/index.php?rest_route=\/wp\/v2\/pages"}],"about":[{"href":"https:\/\/www.opheus.de\/index.php?rest_route=\/wp\/v2\/types\/page"}],"author":[{"embeddable":true,"href":"https:\/\/www.opheus.de\/index.php?rest_route=\/wp\/v2\/users\/1"}],"replies":[{"embeddable":true,"href":"https:\/\/www.opheus.de\/index.php?rest_route=%2Fwp%2Fv2%2Fcomments&post=43"}],"version-history":[{"count":12,"href":"https:\/\/www.opheus.de\/index.php?rest_route=\/wp\/v2\/pages\/43\/revisions"}],"predecessor-version":[{"id":387,"href":"https:\/\/www.opheus.de\/index.php?rest_route=\/wp\/v2\/pages\/43\/revisions\/387"}],"wp:attachment":[{"href":"https:\/\/www.opheus.de\/index.php?rest_route=%2Fwp%2Fv2%2Fmedia&parent=43"}],"curies":[{"name":"wp","href":"https:\/\/api.w.org\/{rel}","templated":true}]}}