{"id":359,"date":"2021-06-13T16:27:37","date_gmt":"2021-06-13T14:27:37","guid":{"rendered":"http:\/\/www.opheus.de\/?page_id=359"},"modified":"2021-06-13T16:27:38","modified_gmt":"2021-06-13T14:27:38","slug":"impressum","status":"publish","type":"page","link":"https:\/\/www.opheus.de\/?page_id=359","title":{"rendered":"Impressum"},"content":{"rendered":"<div id=\"pl-359\"  class=\"panel-layout\" ><div id=\"pg-359-0\"  class=\"panel-grid panel-no-style\" ><div id=\"pgc-359-0-0\"  class=\"panel-grid-cell\" ><div id=\"panel-359-0-0-0\" class=\"so-panel widget widget_text panel-first-child\" data-index=\"0\" ><h3 class=\"widget-title\">Internetangebot<\/h3>\t\t\t<div class=\"textwidget\"><p>Das Internetangebot wird von <strong>Markus Gohs<\/strong> als Privatperson unter dem Pseudonym <strong>nuotec systems<\/strong> bereitgestellt und dient keinen kommerziellen Zwecken.<\/p>\n<p>Eine Kontaktaufnahme ist per <a href=\"mailto:webmaster@opheus.de\">Email<\/a> oder dem <a href=\".\/?page_id=43\">Kontaktformular<\/a> m\u00f6glich.<\/p>\n<\/div>\n\t\t<\/div><div id=\"panel-359-0-0-1\" class=\"so-panel widget widget_text panel-last-child\" data-index=\"1\" ><h3 class=\"widget-title\">Haftungsausschluss:<\/h3>\t\t\t<div class=\"textwidget\"><p><strong>Datenschutz<\/strong><\/p>\n<p>Die Nutzung meiner Webseite ist in der Regel ohne Angabe personenbezogener Daten m\u00f6glich. Soweit auf meinen Seiten personenbezogene Daten (beispielsweise Name, Anschrift oder eMail-Adressen) erhoben werden, erfolgt dies, soweit m\u00f6glich, stets auf freiwilliger Basis (<a href=\".\/?page_id=310\">siehe Datenschutzerkl\u00e4rung<\/a>). Diese Daten werden ohne Ihre ausdr\u00fcckliche Zustimmung nicht an Dritte weitergegeben.<br \/>\nIch weise darauf hin, dass die Daten\u00fcbertragung im Internet (z.B. bei der Kommunikation per E-Mail) Sicherheitsl\u00fccken aufweisen kann. Ein l\u00fcckenloser Schutz der Daten vor dem Zugriff durch Dritte ist nicht m\u00f6glich.<br \/>\nDer Nutzung von im Rahmen der Impressumspflicht ver\u00f6ffentlichten Kontaktdaten durch Dritte zur \u00dcbersendung von nicht ausdr\u00fccklich angeforderter Werbung und Informationsmaterialien wird hiermit ausdr\u00fccklich widersprochen. Der Betreiber der Seiten beh\u00e4lt sich ausdr\u00fccklich rechtliche Schritte im Falle der unverlangten Zusendung von Werbeinformationen, etwa durch Spam-Mails, vor.<\/p>\n<\/div>\n\t\t<\/div><\/div><\/div><\/div>","protected":false},"excerpt":{"rendered":"<p>Das Internetangebot wird von Markus Gohs als Privatperson unter dem Pseudonym nuotec systems bereitgestellt und dient keinen kommerziellen Zwecken. Eine Kontaktaufnahme ist per Email oder dem Kontaktformular m\u00f6glich. Datenschutz Die Nutzung meiner Webseite ist in der Regel ohne Angabe personenbezogener Daten m\u00f6glich. Soweit auf meinen Seiten personenbezogene Daten (beispielsweise Name, Anschrift oder eMail-Adressen) erhoben werden, [&hellip;]<\/p>\n","protected":false},"author":1,"featured_media":0,"parent":0,"menu_order":0,"comment_status":"closed","ping_status":"closed","template":"","meta":{"footnotes":""},"_links":{"self":[{"href":"https:\/\/www.opheus.de\/index.php?rest_route=\/wp\/v2\/pages\/359"}],"collection":[{"href":"https:\/\/www.opheus.de\/index.php?rest_route=\/wp\/v2\/pages"}],"about":[{"href":"https:\/\/www.opheus.de\/index.php?rest_route=\/wp\/v2\/types\/page"}],"author":[{"embeddable":true,"href":"https:\/\/www.opheus.de\/index.php?rest_route=\/wp\/v2\/users\/1"}],"replies":[{"embeddable":true,"href":"https:\/\/www.opheus.de\/index.php?rest_route=%2Fwp%2Fv2%2Fcomments&post=359"}],"version-history":[{"count":6,"href":"https:\/\/www.opheus.de\/index.php?rest_route=\/wp\/v2\/pages\/359\/revisions"}],"predecessor-version":[{"id":365,"href":"https:\/\/www.opheus.de\/index.php?rest_route=\/wp\/v2\/pages\/359\/revisions\/365"}],"wp:attachment":[{"href":"https:\/\/www.opheus.de\/index.php?rest_route=%2Fwp%2Fv2%2Fmedia&parent=359"}],"curies":[{"name":"wp","href":"https:\/\/api.w.org\/{rel}","templated":true}]}}