{"id":343,"date":"2021-06-13T15:10:24","date_gmt":"2021-06-13T13:10:24","guid":{"rendered":"http:\/\/www.opheus.de\/?page_id=343"},"modified":"2023-04-29T13:02:18","modified_gmt":"2023-04-29T11:02:18","slug":"cookierichtlinie-eu","status":"publish","type":"page","link":"https:\/\/www.opheus.de\/?page_id=343","title":{"rendered":"Cookie-Richtlinie (EU)"},"content":{"rendered":"<div id=\"pl-343\"  class=\"panel-layout\" ><div id=\"pg-343-0\"  class=\"panel-grid panel-no-style\" ><div id=\"pgc-343-0-0\"  class=\"panel-grid-cell\" ><div id=\"panel-343-0-0-0\" class=\"so-panel widget widget_text panel-first-child panel-last-child\" data-index=\"0\" >\t\t\t<div class=\"textwidget\"><p><i>Diese Cookie-Richtlinie wurde zuletzt am 13. Juni 2021 aktualisiert und gilt f\u00fcr B\u00fcrger der Europ\u00e4ischen Wirtschaftszone.<\/i><\/p>\n<\/div>\n\t\t<\/div><\/div><\/div><div id=\"pg-343-1\"  class=\"panel-grid panel-has-style\" ><div class=\"wide-grey panel-row-style panel-row-style-for-343-1\" ><div id=\"pgc-343-1-0\"  class=\"panel-grid-cell\" ><div id=\"panel-343-1-0-0\" class=\"so-panel widget widget_text panel-first-child panel-last-child\" data-index=\"1\" ><h3 class=\"widget-title\">1. Einf\u00fchrung<\/h3>\t\t\t<div class=\"textwidget\"><p>Meine Website, <a href=\"https:\/\/www.opheus.de\" target=\"_blank\" rel=\"noopener\">https:\/\/www.opheus.de<\/a> (im folgenden: \u201cDie Website\u201d) verwendet Cookies und \u00e4hnliche Technologien (der Einfachheit halber werden all diese unter \u201cCookies\u201d zusammengefasst). Cookies werden au\u00dferdem von mir beauftragten Drittparteien platziert. In dem unten stehendem Dokument informiere ich Sie \u00fcber die Verwendung von Cookies auf dieser Website.<\/p>\n<\/div>\n\t\t<\/div><\/div><\/div><\/div><div id=\"pg-343-2\"  class=\"panel-grid panel-has-style\" ><div class=\"wide-grey panel-row-style panel-row-style-for-343-2\" ><div id=\"pgc-343-2-0\"  class=\"panel-grid-cell\" ><div id=\"panel-343-2-0-0\" class=\"so-panel widget widget_text panel-first-child panel-last-child\" data-index=\"2\" ><h3 class=\"widget-title\">2. Was sind Cookies<\/h3>\t\t\t<div class=\"textwidget\"><p>Ein Cookie ist eine einfache kleine Datei, die gemeinsam mit den Seiten einer Internetadresse versendet und vom Webbrowser auf dem PC oder einem anderen Ger\u00e4t gespeichert werden kann. Die darin gespeicherten Informationen k\u00f6nnen w\u00e4hrend folgender Besuche zu meinem oder den Servern relevanter Drittanbieter gesendet werden.<\/p>\n<\/div>\n\t\t<\/div><\/div><\/div><\/div><div id=\"pg-343-3\"  class=\"panel-grid panel-has-style\" ><div class=\"wide-grey panel-row-style panel-row-style-for-343-3\" ><div id=\"pgc-343-3-0\"  class=\"panel-grid-cell\" ><div id=\"panel-343-3-0-0\" class=\"so-panel widget widget_text panel-first-child panel-last-child\" data-index=\"3\" ><h3 class=\"widget-title\">3. Was sind Skripte?<\/h3>\t\t\t<div class=\"textwidget\"><p>Ein Skript ist ein Teil des Programmcodes, mit dem meine Website ordnungsgem\u00e4\u00df und interaktiv funktioniert. Dieser Code wird auf meinem Server oder auf Ihrem Ger\u00e4t ausgef\u00fchrt.<\/p>\n<\/div>\n\t\t<\/div><\/div><\/div><\/div><div id=\"pg-343-4\"  class=\"panel-grid panel-has-style\" ><div class=\"wide-grey panel-row-style panel-row-style-for-343-4\" ><div id=\"pgc-343-4-0\"  class=\"panel-grid-cell\" ><div id=\"panel-343-4-0-0\" class=\"so-panel widget widget_text panel-first-child panel-last-child\" data-index=\"4\" ><h3 class=\"widget-title\">4. Was ist ein Web Beacon?<\/h3>\t\t\t<div class=\"textwidget\"><p>Ein Web-Beacon (auch Pixel-Tag genannt), ist ein kleines unsichtbares Textfragment oder Bild auf einer Website, das benutzt wird, um den Verkehr auf der Website zu \u00fcberwachen. Um dies zu erm\u00f6glichen werden diverse Daten von Ihnen mittels Web-Beacons gespeichert.<\/p>\n<\/div>\n\t\t<\/div><\/div><\/div><\/div><div id=\"pg-343-5\"  class=\"panel-grid panel-has-style\" ><div class=\"wide-grey panel-row-style panel-row-style-for-343-5\" ><div id=\"pgc-343-5-0\"  class=\"panel-grid-cell\" ><div id=\"panel-343-5-0-0\" class=\"so-panel widget widget_text panel-first-child panel-last-child\" data-index=\"5\" ><h3 class=\"widget-title\">5. Cookies<\/h3>\t\t\t<div class=\"textwidget\"><p class=\"cmplz-subtitle\"><strong>Technische oder funktionelle Cookies<\/strong><\/p>\n<p>Einige Cookies stellen sicher, dass Teile meiner Website richtig funktionieren und Ihre Nutzervorlieben bekannt bleiben. Durch das Platzieren funktionaler Cookies mache ich es Ihnen einfacher meine Website zu besuchen. Auf diese Weise m\u00fcssen Sie bei Besuchen meiner Website nicht wiederholt die gleichen Informationen eingeben. Ich kann diese Cookies ohne Ihr Einverst\u00e4ndnis platzieren.<\/p>\n<\/div>\n\t\t<\/div><\/div><\/div><\/div><div id=\"pg-343-6\"  class=\"panel-grid panel-has-style\" ><div class=\"wide-grey panel-row-style panel-row-style-for-343-6\" ><div id=\"pgc-343-6-0\"  class=\"panel-grid-cell\" ><div id=\"panel-343-6-0-0\" class=\"so-panel widget widget_text panel-first-child panel-last-child\" data-index=\"6\" ><h3 class=\"widget-title\">6. Platzierte Cookies<\/h3>\t\t\t<div class=\"textwidget\"><p><strong><u>Real Cookie Banner<\/u><\/strong><br \/>\n<strong>Zweck: <\/strong>Real Cookie Banner bittet den Nutzer den auf dieser Website verwendeten Cookies zuzustimmen. Die Cookies speichern die UUID (Pseudonym-Identifikation des Nutzers) und die Auswahl der vereinbarten Cookie-Gruppen und Cookies.<\/p>\n<p><strong>Verwendung auf gesetzlicher Grundlage von: <\/strong>Berechtigtes Interesse<br \/>\n<strong>Anbieter: <\/strong>nuotec systems<\/p>\n<p><strong>Technische Cookie-Definition: <\/strong>real_cookie_banner*<br \/>\n<strong>Typ: <\/strong>HTTP Cookie<br \/>\n<strong>Host: <\/strong>www.opheus.de<br \/>\n<strong>Dauer: 190<\/strong> Tag(e)<\/p>\n<p><strong>Technische Cookie-Definition: <\/strong>PHPSESSID<br \/>\n<strong>Typ: <\/strong>HTTP Cookie<br \/>\n<strong>Host: <\/strong>www.opheus.de<br \/>\n<strong>Dauer: <\/strong>Session<\/p>\n<p>&nbsp;<\/p>\n<p><strong><u>Kommentare (Bug-Report)<\/u><\/strong><br \/>\n<strong>Zweck: <\/strong>Diese Seite bietet die M\u00f6glichkeit Kommentare als Bug-Report und \u00e4hnliche Inhalte zu schreiben. Das Cookie speichert den Namen, die E-Mail-Adresse und die Website eines Kommentators, um sie wieder anzuzeigen, wenn der Kommentator einen weiteren Kommentar auf dieser Website schreiben m\u00f6chte.<\/p>\n<p><strong>Verwendung auf gesetzlicher Grundlage von: <\/strong>Einwilligung<br \/>\n<strong>Anbieter: <\/strong>nuotec systems<\/p>\n<p><strong>Technische Cookie-Definition: <\/strong>comment_author_*<br \/>\n<strong>Typ: <\/strong>HTTP Cookie<br \/>\n<strong>Host: <\/strong>www.opheus.de<br \/>\n<strong>Dauer: 190<\/strong> Tag(e)<\/p>\n<p><strong>Technische Cookie-Definition: <\/strong>comment_author_email_*<br \/>\n<strong>Typ: <\/strong>HTTP Cookie<br \/>\n<strong>Host: <\/strong>www.opheus.de<br \/>\n<strong>Dauer: 190<\/strong> Tag(e)<\/p>\n<p><strong>Technische Cookie-Definition: <\/strong>comment_author_url_*<br \/>\n<strong>Typ: <\/strong>HTTP Cookie<br \/>\n<strong>Host: <\/strong>www.opheus.de<br \/>\n<strong>Dauer: 190<\/strong> Tag(e)<\/p>\n<p>&nbsp;<\/p>\n<p><strong><u>WordPress Emojis<\/u><\/strong><br \/>\n<strong>Zweck:\u00a0<\/strong>WordPress Emoji ist ein Emoji-Set, das von wordpress.org geladen wird. Es werden keine Cookies im technischen Sinne auf dem Client des Nutzers gesetzt, jedoch werden technische und personenbezogene Daten wie die IP-Adresse vom Client an den Server des Dienstanbieters \u00fcbertragen, um die Nutzung des Dienstes zu erm\u00f6glichen.<\/p>\n<p><strong>Verwendung auf gesetzlicher Grundlage von:\u00a0<\/strong>Einwilligung<br \/>\n<strong>Anbieter:\u00a0<\/strong>WordPress.org<br \/>\n<strong>Datenschutzerkl\u00e4rung: <\/strong><a href=\"https:\/\/de.wordpress.org\/about\/privacy\/\" target=\"_blank\" rel=\"noopener\">https:\/\/de.wordpress.org\/about\/privacy\/<\/a><\/p>\n<p>&nbsp;<\/p>\n<p><strong><u>Google Fonts<\/u><\/strong><br \/>\n<strong>Zweck: <\/strong>Google Fonts ist ein Dienst, der Schriften, die nicht auf dem Client-Ger\u00e4t des Nutzers installiert sind, herunterl\u00e4dt und in die Website einbettet. Auf dem Client-Ger\u00e4t des Nutzers werden keine Cookies im technischen Sinne gesetzt, aber es werden technische und pers\u00f6nliche Daten wie z.B. die IP-Adresse vom Client an den Server des Dienstanbieters \u00fcbertragen, um die Nutzung des Dienstes zu erm\u00f6glichen.<\/p>\n<p><strong>Verwendung auf gesetzlicher Grundlage von: <\/strong>Einwilligung<br \/>\n<strong>Anbieter: <\/strong>Google Ireland Limited<br \/>\n<strong>Datenschutzerkl\u00e4rung: <\/strong><a href=\"https:\/\/policies.google.com\/privacy\" target=\"_blank\" rel=\"noopener\">https:\/\/policies.google.com\/privacy<\/a><\/p>\n<\/div>\n\t\t<\/div><\/div><\/div><\/div><div id=\"pg-343-7\"  class=\"panel-grid panel-has-style\" ><div class=\"wide-grey panel-row-style panel-row-style-for-343-7\" ><div id=\"pgc-343-7-0\"  class=\"panel-grid-cell\" ><div id=\"panel-343-7-0-0\" class=\"so-panel widget widget_text panel-first-child\" data-index=\"7\" ><h3 class=\"widget-title\">7. Zustimmung<\/h3>\t\t\t<div class=\"textwidget\"><p>Wenn Sie meine Website das erste Mal besuchen, erscheint ein Pop-Up mit einer Erkl\u00e4rung \u00fcber Cookies. Sobald Sie auf \u201cEinstellungen speichern\u201d klicken, geben Sie Ihr Einverst\u00e4ndnis, alle von Ihnen gew\u00e4hlten Kategorien von Cookies und Plugins wie in dieser Cookie-Richtlinie beschrieben zu verwenden. Sie k\u00f6nnen die Verwendung von Cookies \u00fcber den Browser deaktivieren, aber bitte beachten Sie, dass meine Website dann unter Umst\u00e4nden nicht richtig funktioniert.<\/p>\n<\/div>\n\t\t<\/div><div id=\"panel-343-7-0-1\" class=\"so-panel widget widget_text panel-last-child\" data-index=\"8\" ><h3 class=\"widget-title\">7.1 Verwalten Sie Ihre Zustimmungseinstellungen<\/h3>\t\t\t<div class=\"textwidget\"><p><a href=\"#consent-change\" id=\"rcb-sc-link-change\" data-success-message=\"\" class=\"rcb-sc-link rcb-sc-link-change \">Privatsph\u00e4re-Einstellungen \u00e4ndern<\/a><br \/>\n<a href=\"#consent-history\" id=\"rcb-sc-link-history\" data-success-message=\"\" class=\"rcb-sc-link rcb-sc-link-history \">Historie der Privatsph\u00e4re-Einstellungen<\/a><br \/>\n<a href=\"#consent-revoke\" id=\"rcb-sc-link-revoke\" data-success-message=\"Du hast die Einwilligung erfolgreich widerrufen. Die Seite wird nun neu geladen.\" class=\"rcb-sc-link rcb-sc-link-revoke \">Einwilligungen widerrufen<\/a><\/p>\n<\/div>\n\t\t<\/div><\/div><\/div><\/div><div id=\"pg-343-8\"  class=\"panel-grid panel-has-style\" ><div class=\"wide-grey panel-row-style panel-row-style-for-343-8\" ><div id=\"pgc-343-8-0\"  class=\"panel-grid-cell\" ><div id=\"panel-343-8-0-0\" class=\"so-panel widget widget_text panel-first-child panel-last-child\" data-index=\"9\" ><h3 class=\"widget-title\">8. Ihre Rechte in Bezug auf pers\u00f6nliche Daten<\/h3>\t\t\t<div class=\"textwidget\"><p>Sie haben in Bezug auf Ihre pers\u00f6nlichen Daten die folgenden Rechte:<\/p>\n<ul>\n<li>Sie haben das Recht zu wissen, warum Ihre pers\u00f6nlichen Daten gebraucht werden, was mit ihnen passiert und wie lange diese verwahrt werden.<\/li>\n<li>Zugriffsrecht: Sie haben das Recht Ihre mir bekannten pers\u00f6nlichen Daten einzusehen.<\/li>\n<li>Recht auf Berichtigung: Sie haben das Recht wann immer Sie es w\u00fcnschen, Ihre pers\u00f6nlichen Daten zu erg\u00e4nzen, zu korrigieren sowie gel\u00f6scht oder blockiert zu bekommen.<\/li>\n<li>Wenn Sie uns Ihr Einverst\u00e4ndnis zur Verarbeitung Ihrer Daten gegeben haben, haben Sie das Recht, dieses Einverst\u00e4ndnis zu widerrufen und Ihre pers\u00f6nlichen Daten l\u00f6schen zu lassen.<\/li>\n<li>Recht auf Datentransfer Ihrer Daten: Sie haben das Recht, alle Ihre pers\u00f6nlichen Daten von einem Kontrolleur anzufordern und in ihrer Gesamtheit zu einem anderen Kontrolleur zu transferieren.<\/li>\n<li>Widerspruchsrecht: Sie d\u00fcrfen der Verarbeitung Ihrer Daten widersprechen. Ich entspreche dem, es sei denn, es gibt berechtigte Gr\u00fcnde f\u00fcr die Verarbeitung.<\/li>\n<\/ul>\n<p>Um diese Rechte auszu\u00fcben kontaktiere Sie mich bitte. Bitte beziehen Sie sich auf die Kontaktdaten am Ende dieser Cookie-Erkl\u00e4rung. Wenn Sie eine Beschwerde dar\u00fcber haben, wie ich Ihre Daten behandel, teilen Sie mir dies bitte mit. Sie haben auch das Recht diese an die <a href=\"https:\/\/www.bfdi.bund.de\/SharedDocs\/Adressen\/DE\/LfD\/Niedersachsen.html\">Aufsichtsbeh\u00f6rde<\/a> (der Datenschutzbeh\u00f6rde) zu richten.<\/p>\n<\/div>\n\t\t<\/div><\/div><\/div><\/div><div id=\"pg-343-9\"  class=\"panel-grid panel-has-style\" ><div class=\"wide-grey panel-row-style panel-row-style-for-343-9\" ><div id=\"pgc-343-9-0\"  class=\"panel-grid-cell\" ><div id=\"panel-343-9-0-0\" class=\"so-panel widget widget_text panel-first-child panel-last-child\" data-index=\"10\" ><h3 class=\"widget-title\">9. Aktivierung\/Deaktivierung und L\u00f6schen von Cookies<\/h3>\t\t\t<div class=\"textwidget\"><p>Sie k\u00f6nnen Ihren Internetbrowser verwenden, um Cookies automatisch oder manuell zu l\u00f6schen. Sie k\u00f6nnen auch festlegen, dass bestimmte Cookies m\u00f6glicherweise nicht platziert werden. Eine weitere M\u00f6glichkeit besteht darin, die Einstellungen des Internetbrowsers so zu \u00e4ndern, dass Sie jedes Mal eine Nachricht erhalten, wenn ein Cookie gesetzt wird. Weitere Informationen zu diesen Optionen finden Sie in den Anweisungen im Hilfebereich Ihres Browsers.<\/p>\n<p>Bitte nehmen Sie zur Kenntnis, dass meine Website m\u00f6glicherweise nicht richtig funktioniert, wenn alle Cookies deaktiviert sind. Wenn Sie die Cookies in Ihrem Browser l\u00f6schen, werden diese neu platziert, wenn Sie meine Website erneut besuchen.<\/p>\n<\/div>\n\t\t<\/div><\/div><\/div><\/div><div id=\"pg-343-10\"  class=\"panel-grid panel-has-style\" ><div class=\"wide-grey panel-row-style panel-row-style-for-343-10\" ><div id=\"pgc-343-10-0\"  class=\"panel-grid-cell\" ><div id=\"panel-343-10-0-0\" class=\"so-panel widget widget_text panel-first-child panel-last-child\" data-index=\"11\" ><h3 class=\"widget-title\">10. Kontaktdaten<\/h3>\t\t\t<div class=\"textwidget\"><p>F\u00fcr Fragen und\/oder Kommentare \u00fcber meine Cookie-Richtlinien und diese Aussage kontaktieren Sie mich bitte mittels der folgenden Kontaktdaten:<\/p>\n<p>nuotec systems<br \/>\nMarkus Gohs<\/p>\n<p>E-Mail: <a href=\"mailto:webmaster@opheus.de\">webmaster@opheus.de<\/a><br \/>\n<a href=\"\/?page_id=43\">Kontaktformular<\/a><\/p>\n<\/div>\n\t\t<\/div><\/div><\/div><\/div><\/div>","protected":false},"excerpt":{"rendered":"<p>Diese Cookie-Richtlinie wurde zuletzt am 13. Juni 2021 aktualisiert und gilt f\u00fcr B\u00fcrger der Europ\u00e4ischen Wirtschaftszone. Meine Website, https:\/\/www.opheus.de (im folgenden: \u201cDie Website\u201d) verwendet Cookies und \u00e4hnliche Technologien (der Einfachheit halber werden all diese unter \u201cCookies\u201d zusammengefasst). Cookies werden au\u00dferdem von mir beauftragten Drittparteien platziert. In dem unten stehendem Dokument informiere ich Sie \u00fcber die [&hellip;]<\/p>\n","protected":false},"author":1,"featured_media":0,"parent":0,"menu_order":0,"comment_status":"closed","ping_status":"closed","template":"","meta":{"footnotes":""},"_links":{"self":[{"href":"https:\/\/www.opheus.de\/index.php?rest_route=\/wp\/v2\/pages\/343"}],"collection":[{"href":"https:\/\/www.opheus.de\/index.php?rest_route=\/wp\/v2\/pages"}],"about":[{"href":"https:\/\/www.opheus.de\/index.php?rest_route=\/wp\/v2\/types\/page"}],"author":[{"embeddable":true,"href":"https:\/\/www.opheus.de\/index.php?rest_route=\/wp\/v2\/users\/1"}],"replies":[{"embeddable":true,"href":"https:\/\/www.opheus.de\/index.php?rest_route=%2Fwp%2Fv2%2Fcomments&post=343"}],"version-history":[{"count":17,"href":"https:\/\/www.opheus.de\/index.php?rest_route=\/wp\/v2\/pages\/343\/revisions"}],"predecessor-version":[{"id":404,"href":"https:\/\/www.opheus.de\/index.php?rest_route=\/wp\/v2\/pages\/343\/revisions\/404"}],"wp:attachment":[{"href":"https:\/\/www.opheus.de\/index.php?rest_route=%2Fwp%2Fv2%2Fmedia&parent=343"}],"curies":[{"name":"wp","href":"https:\/\/api.w.org\/{rel}","templated":true}]}}