{"id":18,"date":"2014-05-09T20:34:36","date_gmt":"2014-05-09T18:34:36","guid":{"rendered":"http:\/\/opheus6\/?page_id=18"},"modified":"2014-05-11T11:10:53","modified_gmt":"2014-05-11T09:10:53","slug":"startseite","status":"publish","type":"page","link":"https:\/\/www.opheus.de\/","title":{"rendered":"Startseite"},"content":{"rendered":"<div id=\"pl-18\"  class=\"panel-layout\" ><div id=\"pg-18-0\"  class=\"panel-grid panel-no-style\" ><div id=\"pgc-18-0-0\"  class=\"panel-grid-cell\" ><div id=\"panel-18-0-0-0\" class=\"so-panel widget widget_black-studio-tinymce widget_black_studio_tinymce panel-first-child panel-last-child\" data-index=\"0\" ><div class=\"textwidget\"><p style=\"text-align: center;\"><img src=\".\/wp-content\/uploads\/2014\/05\/schloss.png\" alt=\"schloss\" width=\"100\" height=\"60\" \/><\/p><p style=\"text-align: center;\"><span style=\"color: #808080;\">Verschl\u00fcsselte Dateien enthalten keinen Header oder Pr\u00fcfsummen<\/span><\/p><\/div><\/div><\/div><div id=\"pgc-18-0-1\"  class=\"panel-grid-cell\" ><div id=\"panel-18-0-1-0\" class=\"so-panel widget widget_black-studio-tinymce widget_black_studio_tinymce panel-first-child panel-last-child\" data-index=\"1\" ><div class=\"textwidget\"><p style=\"text-align: center;\"><img src=\".\/wp-content\/uploads\/2014\/05\/schloss.png\" alt=\"schloss\" width=\"100\" height=\"60\" \/><\/p><p style=\"text-align: center;\"><span style=\"color: #808080;\">Verschl\u00fcsselungsst\u00e4rke ausw\u00e4hlbar<\/span><\/p><\/div><\/div><\/div><div id=\"pgc-18-0-2\"  class=\"panel-grid-cell\" ><div id=\"panel-18-0-2-0\" class=\"so-panel widget widget_black-studio-tinymce widget_black_studio_tinymce panel-first-child panel-last-child\" data-index=\"2\" ><div class=\"textwidget\"><p style=\"text-align: center;\"><img src=\".\/wp-content\/uploads\/2014\/05\/schloss.png\" alt=\"schloss\" width=\"100\" height=\"60\" \/><\/p><p style=\"text-align: center;\"><span style=\"color: #808080;\">Mehrfachverschl\u00fcsselung durch DoubleCrypt-Funktion<\/span><\/p><\/div><\/div><\/div><div id=\"pgc-18-0-3\"  class=\"panel-grid-cell\" ><div id=\"panel-18-0-3-0\" class=\"so-panel widget widget_black-studio-tinymce widget_black_studio_tinymce panel-first-child panel-last-child\" data-index=\"3\" ><div class=\"textwidget\"><p style=\"text-align: center;\"><img src=\".\/wp-content\/uploads\/2014\/05\/schloss.png\" alt=\"schloss\" width=\"100\" height=\"60\" \/><\/p><p style=\"text-align: center;\"><span style=\"color: #808080;\">Auswahl zwischen zwei verschiedenen Verschl\u00fcsselungsmodi<\/span><\/p><\/div><\/div><\/div><\/div><div id=\"pg-18-1\"  class=\"panel-grid panel-no-style\" ><div id=\"pgc-18-1-0\"  class=\"panel-grid-cell\" ><div id=\"panel-18-1-0-0\" class=\"so-panel widget widget_text panel-first-child panel-last-child\" data-index=\"4\" >\t\t\t<div class=\"textwidget\"><p>Opheus ist ein Programm zum Verschl\u00fcsseln von Dateien und Textnachrichten.<\/p>\n<p>Die Verschl\u00fcsselung basiert auf einer 1024-Bit bis 8192-Bit grossen Matrix (kann vom Anwender gew\u00e4hlt werden). F\u00fcr die Verschl\u00fcsselung werden dabei zwei Matrizen verwendet. Zum einen die User-Matrix (Krypt Matrix), die vom Anwender selbst erstellt werden kann, zum anderen eine Code-Matrix. Die Code-Matrix wird mittels einer Einwege-Hash-Funktion aus der User-Matrix und den verwendeten Passworts\u00e4tzen gebildet. Die Code-Matrix ist dabei immer genau so gross, wie die verwendete User-Matrix. Zur Laufzeit wird die Code-Matix zum Verschl\u00fcsseln der Daten verwendet. Dabei wird jedoch nicht die gesamte Matrix, sondern nur ein Teil davon verwendet. Welcher Teil der Code-Matrix verwendet wird, entscheidet sich erst zur Laufzeit und ist von sich selbst abh\u00e4ngig. Ist die Code-Matrix aufgebraucht, wird mittels User-Matrix und einer Einwege-Hash-Funktion aus der bestehenden Code-Matrix eine neue Code-Matrix erstellt, so dass jede Code-Matrix nur ein einziges Mal verwendet wird. Hieraus wird dann wieder nur ein Teil verwendet, um die n\u00e4chsten Daten zu verschl\u00fcsseln. Dies wiederholt sich solange, bis die gesamte Datei verschl\u00fcsselt ist.<\/p>\n<blockquote><p>Um das Verfahren noch sicherer zu machen, kann der Anwender die Double-Crypt Funktion verwenden. Bei der Verschl\u00fcsselung wird die Datei in Bl\u00f6cke aufgeteilt. Jeder Block wird dann so oft verschl\u00fcsselt, wie die Anzahl f\u00fcr die Double-Crypt Funktion angegeben wurde. Desweiteren kann der MMX-Modus verwendet werden. Hierbei werden die Daten der Code-Matrix anders verwendet, als bei dem Standardvorgehen. In der verschl\u00fcsselten Datei werden keinerlei Pr\u00fcfsummen oder -bits gespeichert. Der verschl\u00fcsselten Datei k\u00f6nnen somit keine Informationen \u00fcber das verwendete Verschl\u00fcsselungsverfahren entnommen werden.<\/p><\/blockquote>\n<\/div>\n\t\t<\/div><\/div><\/div><\/div>","protected":false},"excerpt":{"rendered":"<p>Verschl\u00fcsselte Dateien enthalten keinen Header oder Pr\u00fcfsummenVerschl\u00fcsselungsst\u00e4rke ausw\u00e4hlbarMehrfachverschl\u00fcsselung durch DoubleCrypt-FunktionAuswahl zwischen zwei verschiedenen Verschl\u00fcsselungsmodi Opheus ist ein Programm zum Verschl\u00fcsseln von Dateien und Textnachrichten. Die Verschl\u00fcsselung basiert auf einer 1024-Bit bis 8192-Bit grossen Matrix (kann vom Anwender gew\u00e4hlt werden). F\u00fcr die Verschl\u00fcsselung werden dabei zwei Matrizen verwendet. Zum einen die User-Matrix (Krypt Matrix), die vom [&hellip;]<\/p>\n","protected":false},"author":1,"featured_media":0,"parent":0,"menu_order":0,"comment_status":"closed","ping_status":"closed","template":"home-panels.php","meta":{"footnotes":""},"_links":{"self":[{"href":"https:\/\/www.opheus.de\/index.php?rest_route=\/wp\/v2\/pages\/18"}],"collection":[{"href":"https:\/\/www.opheus.de\/index.php?rest_route=\/wp\/v2\/pages"}],"about":[{"href":"https:\/\/www.opheus.de\/index.php?rest_route=\/wp\/v2\/types\/page"}],"author":[{"embeddable":true,"href":"https:\/\/www.opheus.de\/index.php?rest_route=\/wp\/v2\/users\/1"}],"replies":[{"embeddable":true,"href":"https:\/\/www.opheus.de\/index.php?rest_route=%2Fwp%2Fv2%2Fcomments&post=18"}],"version-history":[{"count":7,"href":"https:\/\/www.opheus.de\/index.php?rest_route=\/wp\/v2\/pages\/18\/revisions"}],"predecessor-version":[{"id":27,"href":"https:\/\/www.opheus.de\/index.php?rest_route=\/wp\/v2\/pages\/18\/revisions\/27"}],"wp:attachment":[{"href":"https:\/\/www.opheus.de\/index.php?rest_route=%2Fwp%2Fv2%2Fmedia&parent=18"}],"curies":[{"name":"wp","href":"https:\/\/api.w.org\/{rel}","templated":true}]}}