{"id":118,"date":"2014-11-12T18:45:24","date_gmt":"2014-11-12T16:45:24","guid":{"rendered":"http:\/\/www.opheus.de\/?page_id=118"},"modified":"2014-11-12T18:45:25","modified_gmt":"2014-11-12T16:45:25","slug":"kurzanleitung","status":"publish","type":"page","link":"https:\/\/www.opheus.de\/?page_id=118","title":{"rendered":"Kurzanleitung"},"content":{"rendered":"<div id=\"pl-118\"  class=\"panel-layout\" ><div id=\"pg-118-0\"  class=\"panel-grid panel-has-style\" ><div class=\"wide-grey panel-row-style panel-row-style-for-118-0\" ><div id=\"pgc-118-0-0\"  class=\"panel-grid-cell\" ><div id=\"panel-118-0-0-0\" class=\"so-panel widget widget_text panel-first-child panel-last-child\" data-index=\"0\" ><h3 class=\"widget-title\">Kurzanleitung<\/h3>\t\t\t<div class=\"textwidget\"><ul style=\"list-style-image: url('.\/wp-content\/uploads\/2014\/05\/disc.gif');\">\n<li><strong>Quelldatei \/ Zieldatei<\/strong>\nGeben Sie hier entsprechend die Quelldatei bzw. die Zieldatei an.<\/li>\n\n<li><strong>Kodieren<\/strong>\nKlicken Sie hier, um die Quelldatei mit den unter \"Einstellungen\" angegebenen Passworts\u00e4tzen und der Matrix zu verschl\u00fcsseln.<\/li>\n\n<li><strong>Dekodieren<\/strong><br \/>\nKlicken Sie hier, um die Quelldatei mit den unter \"Einstellungen\" angegebenen Passworts\u00e4tzen und der Matrix zu entschl\u00fcsseln.<\/li>\n\n<li><strong>Einstellungen<\/strong>\nGeben Sie hier Ihre Passworts\u00e4tze und die Kodiermatrix an. Mit der Funktion DoubleCrypt stellen Sie ein, wie oft ein Datenblock verschl\u00fcsselt werden soll. Bei vielen Durchg\u00e4ngen kann das Ver- und Entschl\u00fcsseln sehr grosser Dateien mehrere Minuten dauern. Diese Angaben werden sowohl zum Verschl\u00fcsseln als auch zum Entschl\u00fcsseln der Dateien ben\u00f6tigt (symmetrische Verschl\u00fcsselung).\nSie k\u00f6nnen hier eine eigene Matrix eingeben, eine Zufallsmatrix erstellen lassen und die Matrix laden oder speichern. Sie k\u00f6nnen jede beliebige Datei, die mindestens 128 Byte gro\u00df ist, als Matrix verwenden. Bei Verwendung der MMX-Technologie wird eine andere Verschl\u00fcsselungsmethode verwendet. Dieser Part des Schl\u00fcssels erschwert zus\u00e4tzlich die Entschl\u00fcsselung mittels Brute-Force-Attacke.<\/li>\n<\/ul><\/div>\n\t\t<\/div><\/div><\/div><\/div><\/div>","protected":false},"excerpt":{"rendered":"<p>Kurzanleitung Quelldatei \/ Zieldatei Geben Sie hier entsprechend die Quelldatei bzw. die Zieldatei an. Kodieren Klicken Sie hier, um die Quelldatei mit den unter &#8222;Einstellungen&#8220; angegebenen Passworts\u00e4tzen und der Matrix zu verschl\u00fcsseln. Dekodieren Klicken Sie hier, um die Quelldatei mit den unter &#8222;Einstellungen&#8220; angegebenen Passworts\u00e4tzen und der Matrix zu entschl\u00fcsseln. Einstellungen Geben Sie hier Ihre [&hellip;]<\/p>\n","protected":false},"author":1,"featured_media":0,"parent":2,"menu_order":0,"comment_status":"closed","ping_status":"closed","template":"templates\/template-full-notitle.php","meta":{"footnotes":""},"_links":{"self":[{"href":"https:\/\/www.opheus.de\/index.php?rest_route=\/wp\/v2\/pages\/118"}],"collection":[{"href":"https:\/\/www.opheus.de\/index.php?rest_route=\/wp\/v2\/pages"}],"about":[{"href":"https:\/\/www.opheus.de\/index.php?rest_route=\/wp\/v2\/types\/page"}],"author":[{"embeddable":true,"href":"https:\/\/www.opheus.de\/index.php?rest_route=\/wp\/v2\/users\/1"}],"replies":[{"embeddable":true,"href":"https:\/\/www.opheus.de\/index.php?rest_route=%2Fwp%2Fv2%2Fcomments&post=118"}],"version-history":[{"count":3,"href":"https:\/\/www.opheus.de\/index.php?rest_route=\/wp\/v2\/pages\/118\/revisions"}],"predecessor-version":[{"id":121,"href":"https:\/\/www.opheus.de\/index.php?rest_route=\/wp\/v2\/pages\/118\/revisions\/121"}],"up":[{"embeddable":true,"href":"https:\/\/www.opheus.de\/index.php?rest_route=\/wp\/v2\/pages\/2"}],"wp:attachment":[{"href":"https:\/\/www.opheus.de\/index.php?rest_route=%2Fwp%2Fv2%2Fmedia&parent=118"}],"curies":[{"name":"wp","href":"https:\/\/api.w.org\/{rel}","templated":true}]}}